{"id":2304,"date":"2020-12-28T09:43:19","date_gmt":"2020-12-28T09:43:19","guid":{"rendered":"https:\/\/cantinepovero.com?post_type=product&#038;p=2304"},"modified":"2026-02-13T10:05:28","modified_gmt":"2026-02-13T10:05:28","slug":"jeroboam-3l-langhe-doc-rosso","status":"publish","type":"product","link":"https:\/\/cantinepovero.com\/en\/product\/jeroboam-3l-langhe-doc-rosso\/","title":{"rendered":"J\u00e9roboam 3L Caban\u00e8 Langhe DOC 2021"},"content":{"rendered":"<p>Caban\u00e8 Langhe is a unique velvety wine, which blend a full body, a rich bouquet with fruity notes, elegance and complexity. The first international blend of the Povero family, born from the desire of expressing the savior-faire of the winemaker. The intense toasted and spicy notes come from the long aging in our cellar.<\/p>\n<p>Product of Italy<\/p>\n<p>Contains Sulfites<\/p>\n<p><img fetchpriority=\"high\" decoding=\"async\" class=\"alignnone size-medium wp-image-10288\" src=\"https:\/\/cantinepovero.com\/wp-content\/uploads\/2020\/12\/CANTINE_POVERO_CABANE_LANGHE_TOP100-300x300.jpg\" alt=\"\" width=\"300\" height=\"300\" srcset=\"https:\/\/cantinepovero.com\/wp-content\/uploads\/2020\/12\/CANTINE_POVERO_CABANE_LANGHE_TOP100-300x300.jpg 300w, https:\/\/cantinepovero.com\/wp-content\/uploads\/2020\/12\/CANTINE_POVERO_CABANE_LANGHE_TOP100-1024x1024.jpg 1024w, https:\/\/cantinepovero.com\/wp-content\/uploads\/2020\/12\/CANTINE_POVERO_CABANE_LANGHE_TOP100-150x150.jpg 150w, https:\/\/cantinepovero.com\/wp-content\/uploads\/2020\/12\/CANTINE_POVERO_CABANE_LANGHE_TOP100-768x768.jpg 768w, https:\/\/cantinepovero.com\/wp-content\/uploads\/2020\/12\/CANTINE_POVERO_CABANE_LANGHE_TOP100-1536x1536.jpg 1536w, https:\/\/cantinepovero.com\/wp-content\/uploads\/2020\/12\/CANTINE_POVERO_CABANE_LANGHE_TOP100-850x850.jpg 850w, https:\/\/cantinepovero.com\/wp-content\/uploads\/2020\/12\/CANTINE_POVERO_CABANE_LANGHE_TOP100-410x410.jpg 410w, https:\/\/cantinepovero.com\/wp-content\/uploads\/2020\/12\/CANTINE_POVERO_CABANE_LANGHE_TOP100-600x600.jpg 600w, https:\/\/cantinepovero.com\/wp-content\/uploads\/2020\/12\/CANTINE_POVERO_CABANE_LANGHE_TOP100.jpg 2000w\" sizes=\"(max-width: 300px) 100vw, 300px\" \/><strong><img decoding=\"async\" class=\"alignnone size-medium wp-image-15085\" src=\"https:\/\/cantinepovero.com\/wp-content\/uploads\/2021\/01\/SILVER-297x300.gif\" alt=\"\" width=\"297\" height=\"300\" loading=\"lazy\"><img decoding=\"async\" class=\"alignnone size-medium wp-image-15924\" src=\"https:\/\/cantinepovero.com\/wp-content\/uploads\/2021\/01\/CANTINE_POVERO_LANGHE_DECANTER_90pt-300x300.jpg\" alt=\"\" width=\"300\" height=\"300\" srcset=\"https:\/\/cantinepovero.com\/wp-content\/uploads\/2021\/01\/CANTINE_POVERO_LANGHE_DECANTER_90pt-300x300.jpg 300w, https:\/\/cantinepovero.com\/wp-content\/uploads\/2021\/01\/CANTINE_POVERO_LANGHE_DECANTER_90pt-1024x1024.jpg 1024w, https:\/\/cantinepovero.com\/wp-content\/uploads\/2021\/01\/CANTINE_POVERO_LANGHE_DECANTER_90pt-150x150.jpg 150w, https:\/\/cantinepovero.com\/wp-content\/uploads\/2021\/01\/CANTINE_POVERO_LANGHE_DECANTER_90pt-768x768.jpg 768w, https:\/\/cantinepovero.com\/wp-content\/uploads\/2021\/01\/CANTINE_POVERO_LANGHE_DECANTER_90pt-1536x1536.jpg 1536w, https:\/\/cantinepovero.com\/wp-content\/uploads\/2021\/01\/CANTINE_POVERO_LANGHE_DECANTER_90pt-850x850.jpg 850w, https:\/\/cantinepovero.com\/wp-content\/uploads\/2021\/01\/CANTINE_POVERO_LANGHE_DECANTER_90pt-410x410.jpg 410w, https:\/\/cantinepovero.com\/wp-content\/uploads\/2021\/01\/CANTINE_POVERO_LANGHE_DECANTER_90pt-600x600.jpg 600w, https:\/\/cantinepovero.com\/wp-content\/uploads\/2021\/01\/CANTINE_POVERO_LANGHE_DECANTER_90pt.jpg 1984w\" sizes=\"(max-width: 300px) 100vw, 300px\" loading=\"lazy\" \/><img loading=\"lazy\" decoding=\"async\" class=\"alignnone size-medium wp-image-16411\" src=\"https:\/\/cantinepovero.com\/wp-content\/uploads\/2020\/12\/CANTINE_POVERO_CABANE_2020_93PT_LUCA_MARONI-300x300.jpg\" alt=\"\" width=\"300\" height=\"300\" srcset=\"https:\/\/cantinepovero.com\/wp-content\/uploads\/2020\/12\/CANTINE_POVERO_CABANE_2020_93PT_LUCA_MARONI-300x300.jpg 300w, https:\/\/cantinepovero.com\/wp-content\/uploads\/2020\/12\/CANTINE_POVERO_CABANE_2020_93PT_LUCA_MARONI-1024x1024.jpg 1024w, https:\/\/cantinepovero.com\/wp-content\/uploads\/2020\/12\/CANTINE_POVERO_CABANE_2020_93PT_LUCA_MARONI-150x150.jpg 150w, https:\/\/cantinepovero.com\/wp-content\/uploads\/2020\/12\/CANTINE_POVERO_CABANE_2020_93PT_LUCA_MARONI-768x768.jpg 768w, https:\/\/cantinepovero.com\/wp-content\/uploads\/2020\/12\/CANTINE_POVERO_CABANE_2020_93PT_LUCA_MARONI-1536x1536.jpg 1536w, https:\/\/cantinepovero.com\/wp-content\/uploads\/2020\/12\/CANTINE_POVERO_CABANE_2020_93PT_LUCA_MARONI-850x850.jpg 850w, https:\/\/cantinepovero.com\/wp-content\/uploads\/2020\/12\/CANTINE_POVERO_CABANE_2020_93PT_LUCA_MARONI-410x410.jpg 410w, https:\/\/cantinepovero.com\/wp-content\/uploads\/2020\/12\/CANTINE_POVERO_CABANE_2020_93PT_LUCA_MARONI-600x600.jpg 600w, https:\/\/cantinepovero.com\/wp-content\/uploads\/2020\/12\/CANTINE_POVERO_CABANE_2020_93PT_LUCA_MARONI.jpg 1984w\" sizes=\"(max-width: 300px) 100vw, 300px\" \/><\/strong><\/p>\n","protected":false},"excerpt":{"rendered":"<p>Discover <strong>Langhe DOC Rosso f<\/strong>or sale online at Cantine Povero. <span data-language-for-alternatives=\"en\" data-language-to-translate-into=\"it\" data-phrase-index=\"1\">A fine wine from Langhe, this j\u00e9roboam is a Piedmontese red blend loved all over the world.<\/span><\/p>\n","protected":false},"featured_media":9204,"template":"","meta":[],"product_brand":[],"product_cat":[85,112,62,154,20],"product_tag":[],"class_list":{"0":"post-2304","1":"product","2":"type-product","3":"status-publish","4":"has-post-thumbnail","6":"product_cat-aged-wines","7":"product_cat-gift-boxes","8":"product_cat-jeroboam-3-lt-en","9":"product_cat-langhe-en","10":"product_cat-vini-rossi-en","12":"first","13":"instock","14":"shipping-taxable","15":"purchasable","16":"product-type-simple"},"_links":{"self":[{"href":"https:\/\/cantinepovero.com\/en\/wp-json\/wp\/v2\/product\/2304","targetHints":{"allow":["GET"]}}],"collection":[{"href":"https:\/\/cantinepovero.com\/en\/wp-json\/wp\/v2\/product"}],"about":[{"href":"https:\/\/cantinepovero.com\/en\/wp-json\/wp\/v2\/types\/product"}],"wp:featuredmedia":[{"embeddable":true,"href":"https:\/\/cantinepovero.com\/en\/wp-json\/wp\/v2\/media\/9204"}],"wp:attachment":[{"href":"https:\/\/cantinepovero.com\/en\/wp-json\/wp\/v2\/media?parent=2304"}],"wp:term":[{"taxonomy":"product_brand","embeddable":true,"href":"https:\/\/cantinepovero.com\/en\/wp-json\/wp\/v2\/product_brand?post=2304"},{"taxonomy":"product_cat","embeddable":true,"href":"https:\/\/cantinepovero.com\/en\/wp-json\/wp\/v2\/product_cat?post=2304"},{"taxonomy":"product_tag","embeddable":true,"href":"https:\/\/cantinepovero.com\/en\/wp-json\/wp\/v2\/product_tag?post=2304"}],"curies":[{"name":"wp","href":"https:\/\/api.w.org\/{rel}","templated":true}]}}